{"id":57,"date":"2017-11-13T15:59:09","date_gmt":"2017-11-13T14:59:09","guid":{"rendered":"http:\/\/www.audioag.com\/wordpress\/?page_id=57"},"modified":"2020-01-13T09:52:47","modified_gmt":"2020-01-13T08:52:47","slug":"kontakt-2","status":"publish","type":"page","link":"http:\/\/www.audioag.com\/wordpress\/de\/kontakt-2\/","title":{"rendered":"\u00dcber uns"},"content":{"rendered":"<p><strong>Die Audio AG ist der exklusive weltweite Vertrieb von <a href=\"http:\/\/www.rme-audio.de\" target=\"_blank\" rel=\"noopener noreferrer\">RME<\/a> und <a href=\"http:\/\/www.alva-audio.de\" target=\"_blank\" rel=\"noopener noreferrer\">ALVA<\/a> Produkten.<\/strong><\/p>\n<p>Wir vertreiben die Produkte unserer Premium \u201aPro Audio\u2018 Marken RME und ALVA \u00fcber ein ausgew\u00e4hltes Distributionsnetzwerk. Wir sind ein renommiertes Unternehmen mit Schwerpunkt Vertrieb, Support und Service f\u00fcr den hochspezialisierten Audio-, Recording-, Live-Sound-, Theater- und Broadcast-Markt, und dies sowohl f\u00fcr den mobilen Einsatz als auch f\u00fcr Festinstallationen.<\/p>\n<p>Neben der St\u00e4rkung unserer Marken und der Weiterentwicklung unserer Produkte legen wir viel Wert auf langj\u00e4hrige Gesch\u00e4ftsbeziehungen und unterst\u00fctzen viele weltweit anerkannte K\u00fcnstler aus der Musik-Branche.<\/p>\n","protected":false},"excerpt":{"rendered":"<p>Die Audio AG ist der exklusive weltweite Vertrieb von RME und ALVA Produkten. Wir vertreiben die Produkte unserer Premium \u201aPro Audio\u2018 Marken RME und ALVA \u00fcber ein ausgew\u00e4hltes Distributionsnetzwerk. Wir sind ein renommiertes Unternehmen mit Schwerpunkt Vertrieb, Support und Service f\u00fcr den hochspezialisierten Audio-, Recording-, Live-Sound-, Theater- und Broadcast-Markt, und dies sowohl f\u00fcr den mobilen &hellip; <\/p>\n<p class=\"link-more\"><a href=\"http:\/\/www.audioag.com\/wordpress\/de\/kontakt-2\/\" class=\"more-link\"><span class=\"screen-reader-text\">\u201e\u00dcber uns\u201c<\/span> weiterlesen<\/a><\/p>\n","protected":false},"author":1,"featured_media":0,"parent":0,"menu_order":0,"comment_status":"closed","ping_status":"closed","template":"","meta":[],"_links":{"self":[{"href":"http:\/\/www.audioag.com\/wordpress\/wp-json\/wp\/v2\/pages\/57"}],"collection":[{"href":"http:\/\/www.audioag.com\/wordpress\/wp-json\/wp\/v2\/pages"}],"about":[{"href":"http:\/\/www.audioag.com\/wordpress\/wp-json\/wp\/v2\/types\/page"}],"author":[{"embeddable":true,"href":"http:\/\/www.audioag.com\/wordpress\/wp-json\/wp\/v2\/users\/1"}],"replies":[{"embeddable":true,"href":"http:\/\/www.audioag.com\/wordpress\/wp-json\/wp\/v2\/comments?post=57"}],"version-history":[{"count":18,"href":"http:\/\/www.audioag.com\/wordpress\/wp-json\/wp\/v2\/pages\/57\/revisions"}],"predecessor-version":[{"id":1048,"href":"http:\/\/www.audioag.com\/wordpress\/wp-json\/wp\/v2\/pages\/57\/revisions\/1048"}],"wp:attachment":[{"href":"http:\/\/www.audioag.com\/wordpress\/wp-json\/wp\/v2\/media?parent=57"}],"curies":[{"name":"wp","href":"https:\/\/api.w.org\/{rel}","templated":true}]}}