{"id":78,"date":"2017-11-13T16:45:09","date_gmt":"2017-11-13T15:45:09","guid":{"rendered":"http:\/\/www.audioag.com\/wordpress\/?page_id=78"},"modified":"2026-03-25T12:48:18","modified_gmt":"2026-03-25T11:48:18","slug":"78-2","status":"publish","type":"page","link":"https:\/\/www.audioag.com\/wordpress\/de\/78-2\/","title":{"rendered":"Marken"},"content":{"rendered":"<h1>RME &#8211; Innovative, benutzerfreundliche und<br \/>\nHigh-Quality Digital-Audio L\u00f6sungen<\/h1>\n<p>RME bietet eine umfassende Auswahl an Audio-Interfaces, Konvertern und Mikrofonvorverst\u00e4rkern, die alle auf einzigartigen und innovativen Core-Technologien basieren.<\/p>\n<p>Die plattform\u00fcbergreifende Konnektivit\u00e4t zwischen Windows und Mac OS per PCI, PCIe, Thunderbolt, FireWire, USB 2 und 3, sowie Class Compliant Konformit\u00e4t (u. a. iOS) hat RME weltweit einen ausgzeichneten Ruf bei Nutzern aller Plattformen beschert. Dies zeigt sich besonders bei der Integration gleich mehrerer Schnittstellenformate in Produkten wie dem Fireface UFX, Fireface UFX II, Fireface UFX+, Fireface UCX, Fireface 802 und MADIface XT.<\/p>\n<p>F\u00fcr solide und regelm\u00e4ssig aktualisierte Treiber, die f\u00fcr Windows und Mac OS eine unvergleichliche Stabilit\u00e4t und Low-Latency-Performance bieten, ist RME so legend\u00e4r wie beliebt und meist empfohlen.<\/p>\n<p>Dank selbst entwickelten Schnittstellenmodulen sind Produkte von RME nicht auf Upgrades, Modifikationen oder Fehlerbehebungen von Drittanbietern angewiesen.<\/p>\n<p>Un\u00fcbertroffene Leistung ist einer der Eckpfeiler der Produktentwicklung, heute deutlicher denn je. RME realisierte professionelle Leistung und Merkmale mit USB 2.0, ebnete k\u00fcrzlich den Weg f\u00fcr Multikanal-Audio auf USB 3.0 und Thunderbolt f\u00fcr Windows.<\/p>\n<p>Keine Kompromisse bei Produktdesign und Herstellung f\u00fchrten zu einem einzigartigen Ruf in Qualit\u00e4t, Leistung und Zuverl\u00e4ssigkeit. Dabei sind Hammerfall, Audio Core und SteadyClock nur drei Technologie-Beispiele f\u00fcr langj\u00e4hrig \u00fcberlegenes Design.<\/p>\n<p>Mit einem Fokus auf unverf\u00e4lschter Audioqualit\u00e4t bietet RME sowohl auf digitaler als auch analoger Ebene vorbildliche Performance.<\/p>\n<p>Alle RME-Ger\u00e4te sind so konstruiert, dass sie den urspr\u00fcnglichen Klang bewahren, und Audiosignale in ihrer Gesamtheit weitergeben, ohne dass etwas hinzugef\u00fcgt oder entfernt wird.<\/p>\n<p><a href=\"http:\/\/www.rme-audio.de\" target=\"_blank\" rel=\"noopener noreferrer\">Mehr Informationen \u00fcber RME<\/a><\/p>\n<h1>ALVA\u00a0Cableware<\/h1>\n<p>Das Sortiment von Audio Produkten in solider und technisch aktueller Qualit\u00e4t. Als perfekte Erg\u00e4nzung zu den Ger\u00e4ten unserer Partner von RME finden sie ein umfangreiches Sortiment professioneller Kabel, sowie wertvolle &#8222;Helferlein&#8220; f\u00fcr den Studio- oder B\u00fchnenalltag.<\/p>\n<p><a href=\"http:\/\/www.alva-audio.de\" target=\"_blank\" rel=\"noopener noreferrer\">Mehr Informationen \u00fcber ALVA Cableware<\/a><\/p>\n","protected":false},"excerpt":{"rendered":"<p>RME &#8211; Innovative, benutzerfreundliche und High-Quality Digital-Audio L\u00f6sungen RME bietet eine umfassende Auswahl an Audio-Interfaces, Konvertern und Mikrofonvorverst\u00e4rkern, die alle auf einzigartigen und innovativen Core-Technologien basieren. Die plattform\u00fcbergreifende Konnektivit\u00e4t zwischen Windows und Mac OS per PCI, PCIe, Thunderbolt, FireWire, USB 2 und 3, sowie Class Compliant Konformit\u00e4t (u. a. iOS) hat RME weltweit einen ausgzeichneten &hellip; <\/p>\n<p class=\"link-more\"><a href=\"https:\/\/www.audioag.com\/wordpress\/de\/78-2\/\" class=\"more-link\"><span class=\"screen-reader-text\">\u201eMarken\u201c<\/span> weiterlesen<\/a><\/p>\n","protected":false},"author":1,"featured_media":0,"parent":0,"menu_order":0,"comment_status":"closed","ping_status":"closed","template":"","meta":[],"_links":{"self":[{"href":"https:\/\/www.audioag.com\/wordpress\/wp-json\/wp\/v2\/pages\/78"}],"collection":[{"href":"https:\/\/www.audioag.com\/wordpress\/wp-json\/wp\/v2\/pages"}],"about":[{"href":"https:\/\/www.audioag.com\/wordpress\/wp-json\/wp\/v2\/types\/page"}],"author":[{"embeddable":true,"href":"https:\/\/www.audioag.com\/wordpress\/wp-json\/wp\/v2\/users\/1"}],"replies":[{"embeddable":true,"href":"https:\/\/www.audioag.com\/wordpress\/wp-json\/wp\/v2\/comments?post=78"}],"version-history":[{"count":21,"href":"https:\/\/www.audioag.com\/wordpress\/wp-json\/wp\/v2\/pages\/78\/revisions"}],"predecessor-version":[{"id":1371,"href":"https:\/\/www.audioag.com\/wordpress\/wp-json\/wp\/v2\/pages\/78\/revisions\/1371"}],"wp:attachment":[{"href":"https:\/\/www.audioag.com\/wordpress\/wp-json\/wp\/v2\/media?parent=78"}],"curies":[{"name":"wp","href":"https:\/\/api.w.org\/{rel}","templated":true}]}}